{"id":379,"date":"2020-05-02T19:36:33","date_gmt":"2020-05-02T17:36:33","guid":{"rendered":"https:\/\/www.jazz.krakow.pl\/?page_id=379"},"modified":"2020-05-25T00:25:51","modified_gmt":"2020-05-24T22:25:51","slug":"program-puzon","status":"publish","type":"page","link":"https:\/\/www.jazz.krakow.pl\/index.php\/program\/program-puzon\/","title":{"rendered":"Program: puzon"},"content":{"rendered":"\n<p>Wyk\u0142adowcy w klasie puzonu:<\/p>\n\n\n\n<p><span class=\"has-inline-color has-blue-color\"><strong><a id=\"Marek_Michalak\">MAREK MICHALAK<\/a><\/strong><\/span><\/p>\n\n\n\n<div class=\"wp-block-image\"><figure class=\"alignleft size-large\"><img loading=\"lazy\" width=\"150\" height=\"140\" src=\"https:\/\/www.jazz.krakow.pl\/wp-content\/uploads\/2020\/05\/michalak1.jpg\" alt=\"\" class=\"wp-image-294\"\/><\/figure><\/div>\n\n\n\n<p>Polski muzyk jazzowy, puzonista i kompozytor, cz\u0142onek zespo\u0142u Jazz Band Ball Orchestra, za\u0142o\u017cyciel Mishaluck Band, wsp\u00f3\u0142za\u0142o\u017cyciel Old Metropolitan Band. Zdobywca wielu nagr\u00f3d, m.in. Z\u0142otej Tarki w kategorii indywidualnej w 1975 i 1976 roku. Juror w konkursach jazzowych, m.in. Jazz Juniors oraz pedagog jazzowy. Kompozytor i muzyk Piwnicy pod Baranami, autor piosenek dla Ma\u0142gorzaty Ko\u015bcielniak.<\/p>\n\n\n\n<p>\u017ar\u00f3d\u0142o: <a href=\"https:\/\/pl.wikipedia.org\/wiki\/Marek_Andrzej_Michalak\">https:\/\/pl.wikipedia.org\/wiki\/Marek_Andrzej_Michalak<\/a><\/p>\n","protected":false},"excerpt":{"rendered":"<p>Wyk\u0142adowcy w klasie puzonu: MAREK MICHALAK Polski muzyk jazzowy, puzonista i kompozytor, cz\u0142onek zespo\u0142u Jazz Band Ball Orchestra, za\u0142o\u017cyciel Mishaluck Band, wsp\u00f3\u0142za\u0142o\u017cyciel Old Metropolitan Band. Zdobywca wielu nagr\u00f3d, m.in. Z\u0142otej Tarki w kategorii indywidualnej w 1975 i 1976 roku. Juror w konkursach jazzowych, m.in. Jazz Juniors oraz pedagog jazzowy. Kompozytor i muzyk Piwnicy pod Baranami, [&hellip;]<\/p>\n","protected":false},"author":2,"featured_media":0,"parent":12,"menu_order":0,"comment_status":"closed","ping_status":"closed","template":"","meta":[],"yoast_head":"<!-- This site is optimized with the Yoast SEO plugin v18.5.1 - https:\/\/yoast.com\/wordpress\/plugins\/seo\/ -->\n<title>Program: puzon - Krakowska Szko\u0142a Jazzu i Muzyki Rozrywkowej<\/title>\n<meta name=\"robots\" content=\"index, follow, max-snippet:-1, max-image-preview:large, max-video-preview:-1\" \/>\n<link rel=\"canonical\" href=\"https:\/\/www.jazz.krakow.pl\/index.php\/program\/program-puzon\/\" \/>\n<meta property=\"og:locale\" content=\"pl_PL\" \/>\n<meta property=\"og:type\" content=\"article\" \/>\n<meta property=\"og:title\" content=\"Program: puzon - Krakowska Szko\u0142a Jazzu i Muzyki Rozrywkowej\" \/>\n<meta property=\"og:description\" content=\"Wyk\u0142adowcy w klasie puzonu: MAREK MICHALAK Polski muzyk jazzowy, puzonista i kompozytor, cz\u0142onek zespo\u0142u Jazz Band Ball Orchestra, za\u0142o\u017cyciel Mishaluck Band, wsp\u00f3\u0142za\u0142o\u017cyciel Old Metropolitan Band. Zdobywca wielu nagr\u00f3d, m.in. Z\u0142otej Tarki w kategorii indywidualnej w 1975 i 1976 roku. Juror w konkursach jazzowych, m.in. Jazz Juniors oraz pedagog jazzowy. Kompozytor i muzyk Piwnicy pod Baranami, [&hellip;]\" \/>\n<meta property=\"og:url\" content=\"https:\/\/www.jazz.krakow.pl\/index.php\/program\/program-puzon\/\" \/>\n<meta property=\"og:site_name\" content=\"Krakowska Szko\u0142a Jazzu i Muzyki Rozrywkowej\" \/>\n<meta property=\"article:publisher\" content=\"https:\/\/www.facebook.com\/KrakowskaSzkolaJazzuiMuzykiRozrywkowej\/\" \/>\n<meta property=\"article:modified_time\" content=\"2020-05-24T22:25:51+00:00\" \/>\n<meta property=\"og:image\" content=\"https:\/\/www.jazz.krakow.pl\/wp-content\/uploads\/2020\/05\/michalak1.jpg\" \/>\n<meta name=\"twitter:card\" content=\"summary_large_image\" \/>\n<script type=\"application\/ld+json\" class=\"yoast-schema-graph\">{\"@context\":\"https:\/\/schema.org\",\"@graph\":[{\"@type\":\"Organization\",\"@id\":\"https:\/\/www.jazz.krakow.pl\/#organization\",\"name\":\"Krakowska Szko\u0142a Jazzu i Muzyki Rozrywkowej\",\"url\":\"https:\/\/www.jazz.krakow.pl\/\",\"sameAs\":[\"https:\/\/www.facebook.com\/KrakowskaSzkolaJazzuiMuzykiRozrywkowej\/\"],\"logo\":{\"@type\":\"ImageObject\",\"@id\":\"https:\/\/www.jazz.krakow.pl\/#logo\",\"inLanguage\":\"pl-PL\",\"url\":\"https:\/\/www.jazz.krakow.pl\/wp-content\/uploads\/2020\/04\/szkola-logo2.jpg\",\"contentUrl\":\"https:\/\/www.jazz.krakow.pl\/wp-content\/uploads\/2020\/04\/szkola-logo2.jpg\",\"width\":472,\"height\":472,\"caption\":\"Krakowska Szko\u0142a Jazzu i Muzyki Rozrywkowej\"},\"image\":{\"@id\":\"https:\/\/www.jazz.krakow.pl\/#logo\"}},{\"@type\":\"WebSite\",\"@id\":\"https:\/\/www.jazz.krakow.pl\/#website\",\"url\":\"https:\/\/www.jazz.krakow.pl\/\",\"name\":\"Krakowska Szko\u0142a Jazzu i Muzyki Rozrywkowej\",\"description\":\"\",\"publisher\":{\"@id\":\"https:\/\/www.jazz.krakow.pl\/#organization\"},\"potentialAction\":[{\"@type\":\"SearchAction\",\"target\":{\"@type\":\"EntryPoint\",\"urlTemplate\":\"https:\/\/www.jazz.krakow.pl\/?s={search_term_string}\"},\"query-input\":\"required name=search_term_string\"}],\"inLanguage\":\"pl-PL\"},{\"@type\":\"ImageObject\",\"@id\":\"https:\/\/www.jazz.krakow.pl\/index.php\/program\/program-puzon\/#primaryimage\",\"inLanguage\":\"pl-PL\",\"url\":\"https:\/\/www.jazz.krakow.pl\/wp-content\/uploads\/2020\/05\/michalak1.jpg\",\"contentUrl\":\"https:\/\/www.jazz.krakow.pl\/wp-content\/uploads\/2020\/05\/michalak1.jpg\",\"width\":150,\"height\":140},{\"@type\":\"WebPage\",\"@id\":\"https:\/\/www.jazz.krakow.pl\/index.php\/program\/program-puzon\/#webpage\",\"url\":\"https:\/\/www.jazz.krakow.pl\/index.php\/program\/program-puzon\/\",\"name\":\"Program: puzon - Krakowska Szko\u0142a Jazzu i Muzyki Rozrywkowej\",\"isPartOf\":{\"@id\":\"https:\/\/www.jazz.krakow.pl\/#website\"},\"primaryImageOfPage\":{\"@id\":\"https:\/\/www.jazz.krakow.pl\/index.php\/program\/program-puzon\/#primaryimage\"},\"datePublished\":\"2020-05-02T17:36:33+00:00\",\"dateModified\":\"2020-05-24T22:25:51+00:00\",\"breadcrumb\":{\"@id\":\"https:\/\/www.jazz.krakow.pl\/index.php\/program\/program-puzon\/#breadcrumb\"},\"inLanguage\":\"pl-PL\",\"potentialAction\":[{\"@type\":\"ReadAction\",\"target\":[\"https:\/\/www.jazz.krakow.pl\/index.php\/program\/program-puzon\/\"]}]},{\"@type\":\"BreadcrumbList\",\"@id\":\"https:\/\/www.jazz.krakow.pl\/index.php\/program\/program-puzon\/#breadcrumb\",\"itemListElement\":[{\"@type\":\"ListItem\",\"position\":1,\"name\":\"Strona g\u0142\u00f3wna\",\"item\":\"https:\/\/www.jazz.krakow.pl\/\"},{\"@type\":\"ListItem\",\"position\":2,\"name\":\"Program\",\"item\":\"https:\/\/www.jazz.krakow.pl\/index.php\/program\/\"},{\"@type\":\"ListItem\",\"position\":3,\"name\":\"Program: puzon\"}]}]}<\/script>\n<!-- \/ Yoast SEO plugin. -->","yoast_head_json":{"title":"Program: puzon - Krakowska Szko\u0142a Jazzu i Muzyki Rozrywkowej","robots":{"index":"index","follow":"follow","max-snippet":"max-snippet:-1","max-image-preview":"max-image-preview:large","max-video-preview":"max-video-preview:-1"},"canonical":"https:\/\/www.jazz.krakow.pl\/index.php\/program\/program-puzon\/","og_locale":"pl_PL","og_type":"article","og_title":"Program: puzon - Krakowska Szko\u0142a Jazzu i Muzyki Rozrywkowej","og_description":"Wyk\u0142adowcy w klasie puzonu: MAREK MICHALAK Polski muzyk jazzowy, puzonista i kompozytor, cz\u0142onek zespo\u0142u Jazz Band Ball Orchestra, za\u0142o\u017cyciel Mishaluck Band, wsp\u00f3\u0142za\u0142o\u017cyciel Old Metropolitan Band. Zdobywca wielu nagr\u00f3d, m.in. Z\u0142otej Tarki w kategorii indywidualnej w 1975 i 1976 roku. Juror w konkursach jazzowych, m.in. Jazz Juniors oraz pedagog jazzowy. Kompozytor i muzyk Piwnicy pod Baranami, [&hellip;]","og_url":"https:\/\/www.jazz.krakow.pl\/index.php\/program\/program-puzon\/","og_site_name":"Krakowska Szko\u0142a Jazzu i Muzyki Rozrywkowej","article_publisher":"https:\/\/www.facebook.com\/KrakowskaSzkolaJazzuiMuzykiRozrywkowej\/","article_modified_time":"2020-05-24T22:25:51+00:00","og_image":[{"url":"https:\/\/www.jazz.krakow.pl\/wp-content\/uploads\/2020\/05\/michalak1.jpg"}],"twitter_card":"summary_large_image","schema":{"@context":"https:\/\/schema.org","@graph":[{"@type":"Organization","@id":"https:\/\/www.jazz.krakow.pl\/#organization","name":"Krakowska Szko\u0142a Jazzu i Muzyki Rozrywkowej","url":"https:\/\/www.jazz.krakow.pl\/","sameAs":["https:\/\/www.facebook.com\/KrakowskaSzkolaJazzuiMuzykiRozrywkowej\/"],"logo":{"@type":"ImageObject","@id":"https:\/\/www.jazz.krakow.pl\/#logo","inLanguage":"pl-PL","url":"https:\/\/www.jazz.krakow.pl\/wp-content\/uploads\/2020\/04\/szkola-logo2.jpg","contentUrl":"https:\/\/www.jazz.krakow.pl\/wp-content\/uploads\/2020\/04\/szkola-logo2.jpg","width":472,"height":472,"caption":"Krakowska Szko\u0142a Jazzu i Muzyki Rozrywkowej"},"image":{"@id":"https:\/\/www.jazz.krakow.pl\/#logo"}},{"@type":"WebSite","@id":"https:\/\/www.jazz.krakow.pl\/#website","url":"https:\/\/www.jazz.krakow.pl\/","name":"Krakowska Szko\u0142a Jazzu i Muzyki Rozrywkowej","description":"","publisher":{"@id":"https:\/\/www.jazz.krakow.pl\/#organization"},"potentialAction":[{"@type":"SearchAction","target":{"@type":"EntryPoint","urlTemplate":"https:\/\/www.jazz.krakow.pl\/?s={search_term_string}"},"query-input":"required name=search_term_string"}],"inLanguage":"pl-PL"},{"@type":"ImageObject","@id":"https:\/\/www.jazz.krakow.pl\/index.php\/program\/program-puzon\/#primaryimage","inLanguage":"pl-PL","url":"https:\/\/www.jazz.krakow.pl\/wp-content\/uploads\/2020\/05\/michalak1.jpg","contentUrl":"https:\/\/www.jazz.krakow.pl\/wp-content\/uploads\/2020\/05\/michalak1.jpg","width":150,"height":140},{"@type":"WebPage","@id":"https:\/\/www.jazz.krakow.pl\/index.php\/program\/program-puzon\/#webpage","url":"https:\/\/www.jazz.krakow.pl\/index.php\/program\/program-puzon\/","name":"Program: puzon - Krakowska Szko\u0142a Jazzu i Muzyki Rozrywkowej","isPartOf":{"@id":"https:\/\/www.jazz.krakow.pl\/#website"},"primaryImageOfPage":{"@id":"https:\/\/www.jazz.krakow.pl\/index.php\/program\/program-puzon\/#primaryimage"},"datePublished":"2020-05-02T17:36:33+00:00","dateModified":"2020-05-24T22:25:51+00:00","breadcrumb":{"@id":"https:\/\/www.jazz.krakow.pl\/index.php\/program\/program-puzon\/#breadcrumb"},"inLanguage":"pl-PL","potentialAction":[{"@type":"ReadAction","target":["https:\/\/www.jazz.krakow.pl\/index.php\/program\/program-puzon\/"]}]},{"@type":"BreadcrumbList","@id":"https:\/\/www.jazz.krakow.pl\/index.php\/program\/program-puzon\/#breadcrumb","itemListElement":[{"@type":"ListItem","position":1,"name":"Strona g\u0142\u00f3wna","item":"https:\/\/www.jazz.krakow.pl\/"},{"@type":"ListItem","position":2,"name":"Program","item":"https:\/\/www.jazz.krakow.pl\/index.php\/program\/"},{"@type":"ListItem","position":3,"name":"Program: puzon"}]}]}},"_links":{"self":[{"href":"https:\/\/www.jazz.krakow.pl\/index.php\/wp-json\/wp\/v2\/pages\/379"}],"collection":[{"href":"https:\/\/www.jazz.krakow.pl\/index.php\/wp-json\/wp\/v2\/pages"}],"about":[{"href":"https:\/\/www.jazz.krakow.pl\/index.php\/wp-json\/wp\/v2\/types\/page"}],"author":[{"embeddable":true,"href":"https:\/\/www.jazz.krakow.pl\/index.php\/wp-json\/wp\/v2\/users\/2"}],"replies":[{"embeddable":true,"href":"https:\/\/www.jazz.krakow.pl\/index.php\/wp-json\/wp\/v2\/comments?post=379"}],"version-history":[{"count":3,"href":"https:\/\/www.jazz.krakow.pl\/index.php\/wp-json\/wp\/v2\/pages\/379\/revisions"}],"predecessor-version":[{"id":672,"href":"https:\/\/www.jazz.krakow.pl\/index.php\/wp-json\/wp\/v2\/pages\/379\/revisions\/672"}],"up":[{"embeddable":true,"href":"https:\/\/www.jazz.krakow.pl\/index.php\/wp-json\/wp\/v2\/pages\/12"}],"wp:attachment":[{"href":"https:\/\/www.jazz.krakow.pl\/index.php\/wp-json\/wp\/v2\/media?parent=379"}],"curies":[{"name":"wp","href":"https:\/\/api.w.org\/{rel}","templated":true}]}}